{"id":2404,"date":"2024-11-18T13:56:50","date_gmt":"2024-11-18T18:56:50","guid":{"rendered":"https:\/\/conservasdorita.pe\/?page_id=2404"},"modified":"2024-11-22T11:24:23","modified_gmt":"2024-11-22T16:24:23","slug":"libro-de-reclamaciones","status":"publish","type":"page","link":"https:\/\/conservasdorita.pe\/en\/libro-de-reclamaciones\/","title":{"rendered":"Libro de reclamaciones"},"content":{"rendered":"\t\t<div data-elementor-type=\"wp-page\" data-elementor-id=\"2404\" class=\"elementor elementor-2404\" data-elementor-post-type=\"page\">\n\t\t\t\t\t\t<section class=\"elementor-section elementor-top-section elementor-element elementor-element-164f0a6 elementor-section-boxed elementor-section-height-default elementor-section-height-default\" data-id=\"164f0a6\" data-element_type=\"section\" data-e-type=\"section\">\n\t\t\t\t\t\t<div class=\"elementor-container elementor-column-gap-default\">\n\t\t\t\t\t<div class=\"elementor-column elementor-col-100 elementor-top-column elementor-element elementor-element-0cd12a8\" data-id=\"0cd12a8\" data-element_type=\"column\" data-e-type=\"column\">\n\t\t\t<div class=\"elementor-widget-wrap elementor-element-populated\">\n\t\t\t\t\t\t<div class=\"elementor-element elementor-element-c056204 elementor-widget elementor-widget-woocommerce-breadcrumb\" data-id=\"c056204\" data-element_type=\"widget\" data-e-type=\"widget\" data-widget_type=\"woocommerce-breadcrumb.default\">\n\t\t\t\t<div class=\"elementor-widget-container\">\n\t\t\t\t\t<nav class=\"woocommerce-breadcrumb\" aria-label=\"Breadcrumb\">Home<\/nav>\t\t\t\t<\/div>\n\t\t\t\t<\/div>\n\t\t\t\t\t<\/div>\n\t\t<\/div>\n\t\t\t\t\t<\/div>\n\t\t<\/section>\n\t\t\t\t<section class=\"elementor-section elementor-top-section elementor-element elementor-element-c87c355 elementor-section-boxed elementor-section-height-default elementor-section-height-default\" data-id=\"c87c355\" data-element_type=\"section\" data-e-type=\"section\" data-settings=\"{&quot;background_background&quot;:&quot;classic&quot;}\">\n\t\t\t\t\t\t<div class=\"elementor-container elementor-column-gap-default\">\n\t\t\t\t\t<div class=\"elementor-column elementor-col-100 elementor-top-column elementor-element elementor-element-019d681\" data-id=\"019d681\" data-element_type=\"column\" data-e-type=\"column\">\n\t\t\t<div class=\"elementor-widget-wrap elementor-element-populated\">\n\t\t\t\t\t\t<div class=\"elementor-element elementor-element-aa72ab0 elementor-widget elementor-widget-text-editor\" data-id=\"aa72ab0\" data-element_type=\"widget\" data-e-type=\"widget\" data-widget_type=\"text-editor.default\">\n\t\t\t\t<div class=\"elementor-widget-container\">\n\t\t\t\t\t\t\t\t\t<p>Si tienes una consulta o requieres de atenci\u00f3n inmediata, te invitamos a usar nuestro canal de atenci\u00f3n escribiendo a: analistamarketing@conservasdorita.com.pe o a cualquiera de nuestras redes sociales. <br \/>Gracias por ayudarnos a mejorar la calidad de nuestros productos y servicios.<\/p><p><strong>Inversiones Quiaza S.A.C.<\/strong><br \/>Av. los Pescadores Mz D Lt 5 , 5-1<br \/>Urb. Zona Industrial Gran Trapecio<br \/>02711 Chimbote, Per\u00fa<br \/>RUC: 20402825481<\/p>\t\t\t\t\t\t\t\t<\/div>\n\t\t\t\t<\/div>\n\t\t\t\t<div class=\"elementor-element elementor-element-485938a elementor-button-align-stretch elementor-widget elementor-widget-form\" data-id=\"485938a\" data-element_type=\"widget\" data-e-type=\"widget\" data-settings=\"{&quot;step_next_label&quot;:&quot;Siguiente&quot;,&quot;step_previous_label&quot;:&quot;Anterior&quot;,&quot;button_width&quot;:&quot;100&quot;,&quot;step_type&quot;:&quot;number_text&quot;,&quot;step_icon_shape&quot;:&quot;circle&quot;}\" data-widget_type=\"form.default\">\n\t\t\t\t<div class=\"elementor-widget-container\">\n\t\t\t\t\t\t\t<form class=\"elementor-form\" method=\"post\" name=\"Nuevo formulario\" aria-label=\"Nuevo formulario\">\r\n\t\t\t<input type=\"hidden\" name=\"post_id\" value=\"2404\"\/>\r\n\t\t\t<input type=\"hidden\" name=\"form_id\" value=\"485938a\"\/>\r\n\t\t\t<input type=\"hidden\" name=\"referer_title\" value=\"Libro de reclamaciones - Conservas Dorita\" \/>\r\n\r\n\t\t\t\t\t\t\t<input type=\"hidden\" name=\"queried_id\" value=\"2404\"\/>\r\n\t\t\t\r\n\t\t\t<div class=\"elementor-form-fields-wrapper elementor-labels-above\">\r\n\t\t\t\t\t\t\t\t<div class=\"elementor-field-type-html elementor-field-group elementor-column elementor-field-group-field_4bef18d elementor-col-100\">\r\n\t\t\t\t\t<h4 style=\"margin-bottom: 5px; color:#00315F; text-transform: uppercase;\">Identificaci\u00f3n del consumidor<\/h4>\t\t\t\t<\/div>\r\n\t\t\t\t\t\t\t\t<div class=\"elementor-field-type-text elementor-field-group elementor-column elementor-field-group-name elementor-col-50 elementor-field-required elementor-mark-required\">\r\n\t\t\t\t\t\t\t\t\t\t\t\t<label for=\"form-field-name\" class=\"elementor-field-label\">\r\n\t\t\t\t\t\t\t\tNombres y apellidos:\t\t\t\t\t\t\t<\/label>\r\n\t\t\t\t\t\t\t\t\t\t\t\t\t\t<input size=\"1\" type=\"text\" name=\"form_fields[name]\" id=\"form-field-name\" class=\"elementor-field elementor-size-sm  elementor-field-textual\" placeholder=\"Nombres y apellidos\" required=\"required\">\r\n\t\t\t\t\t\t\t\t\t\t\t<\/div>\r\n\t\t\t\t\t\t\t\t<div class=\"elementor-field-type-text elementor-field-group elementor-column elementor-field-group-field_c56b9cd elementor-col-50 elementor-field-required elementor-mark-required\">\r\n\t\t\t\t\t\t\t\t\t\t\t\t<label for=\"form-field-field_c56b9cd\" class=\"elementor-field-label\">\r\n\t\t\t\t\t\t\t\tDNI, RUC o CE:\t\t\t\t\t\t\t<\/label>\r\n\t\t\t\t\t\t\t\t\t\t\t\t\t\t<input size=\"1\" type=\"text\" name=\"form_fields[field_c56b9cd]\" id=\"form-field-field_c56b9cd\" class=\"elementor-field elementor-size-sm  elementor-field-textual\" placeholder=\"DNI, RUC o CE\" required=\"required\">\r\n\t\t\t\t\t\t\t\t\t\t\t<\/div>\r\n\t\t\t\t\t\t\t\t<div class=\"elementor-field-type-email elementor-field-group elementor-column elementor-field-group-email elementor-col-50 elementor-field-required elementor-mark-required\">\r\n\t\t\t\t\t\t\t\t\t\t\t\t<label for=\"form-field-email\" class=\"elementor-field-label\">\r\n\t\t\t\t\t\t\t\tCorreo electr\u00f3nico:\t\t\t\t\t\t\t<\/label>\r\n\t\t\t\t\t\t\t\t\t\t\t\t\t\t<input size=\"1\" type=\"email\" name=\"form_fields[email]\" id=\"form-field-email\" class=\"elementor-field elementor-size-sm  elementor-field-textual\" placeholder=\"Correo electr\u00f3nico\" required=\"required\">\r\n\t\t\t\t\t\t\t\t\t\t\t<\/div>\r\n\t\t\t\t\t\t\t\t<div class=\"elementor-field-type-tel elementor-field-group elementor-column elementor-field-group-field_efd3d8c elementor-col-50 elementor-field-required elementor-mark-required\">\r\n\t\t\t\t\t\t\t\t\t\t\t\t<label for=\"form-field-field_efd3d8c\" class=\"elementor-field-label\">\r\n\t\t\t\t\t\t\t\tCelular:\t\t\t\t\t\t\t<\/label>\r\n\t\t\t\t\t\t\t\t<input size=\"1\" type=\"tel\" name=\"form_fields[field_efd3d8c]\" id=\"form-field-field_efd3d8c\" class=\"elementor-field elementor-size-sm  elementor-field-textual\" placeholder=\"Celular\" required=\"required\" pattern=\"[0-9()#&amp;+*-=.]+\" title=\"Only numbers and phone characters (#, -, *, etc) are accepted.\">\r\n\r\n\t\t\t\t\t\t<\/div>\r\n\t\t\t\t\t\t\t\t<div class=\"elementor-field-type-text elementor-field-group elementor-column elementor-field-group-field_422f110 elementor-col-100\">\r\n\t\t\t\t\t\t\t\t\t\t\t\t<label for=\"form-field-field_422f110\" class=\"elementor-field-label\">\r\n\t\t\t\t\t\t\t\tPadre o madre:\t\t\t\t\t\t\t<\/label>\r\n\t\t\t\t\t\t\t\t\t\t\t\t\t\t<input size=\"1\" type=\"text\" name=\"form_fields[field_422f110]\" id=\"form-field-field_422f110\" class=\"elementor-field elementor-size-sm  elementor-field-textual\" placeholder=\"Opcional en caso sea menor de edad\">\r\n\t\t\t\t\t\t\t\t\t\t\t<\/div>\r\n\t\t\t\t\t\t\t\t<div class=\"elementor-field-type-text elementor-field-group elementor-column elementor-field-group-field_2bec580 elementor-col-50 elementor-field-required elementor-mark-required\">\r\n\t\t\t\t\t\t\t\t\t\t\t\t<label for=\"form-field-field_2bec580\" class=\"elementor-field-label\">\r\n\t\t\t\t\t\t\t\tDirecci\u00f3n:\t\t\t\t\t\t\t<\/label>\r\n\t\t\t\t\t\t\t\t\t\t\t\t\t\t<input size=\"1\" type=\"text\" name=\"form_fields[field_2bec580]\" id=\"form-field-field_2bec580\" class=\"elementor-field elementor-size-sm  elementor-field-textual\" placeholder=\"Direcci\u00f3n\" required=\"required\">\r\n\t\t\t\t\t\t\t\t\t\t\t<\/div>\r\n\t\t\t\t\t\t\t\t<div class=\"elementor-field-type-text elementor-field-group elementor-column elementor-field-group-field_e9270e5 elementor-col-50 elementor-field-required elementor-mark-required\">\r\n\t\t\t\t\t\t\t\t\t\t\t\t<label for=\"form-field-field_e9270e5\" class=\"elementor-field-label\">\r\n\t\t\t\t\t\t\t\tUrbanizaci\u00f3n:\t\t\t\t\t\t\t<\/label>\r\n\t\t\t\t\t\t\t\t\t\t\t\t\t\t<input size=\"1\" type=\"text\" name=\"form_fields[field_e9270e5]\" id=\"form-field-field_e9270e5\" class=\"elementor-field elementor-size-sm  elementor-field-textual\" placeholder=\"Urbanizaci\u00f3n\" required=\"required\">\r\n\t\t\t\t\t\t\t\t\t\t\t<\/div>\r\n\t\t\t\t\t\t\t\t<div class=\"elementor-field-type-text elementor-field-group elementor-column elementor-field-group-field_778690d elementor-col-33 elementor-field-required elementor-mark-required\">\r\n\t\t\t\t\t\t\t\t\t\t\t\t<label for=\"form-field-field_778690d\" class=\"elementor-field-label\">\r\n\t\t\t\t\t\t\t\tDistrito:\t\t\t\t\t\t\t<\/label>\r\n\t\t\t\t\t\t\t\t\t\t\t\t\t\t<input size=\"1\" type=\"text\" name=\"form_fields[field_778690d]\" id=\"form-field-field_778690d\" class=\"elementor-field elementor-size-sm  elementor-field-textual\" placeholder=\"Distrito\" required=\"required\">\r\n\t\t\t\t\t\t\t\t\t\t\t<\/div>\r\n\t\t\t\t\t\t\t\t<div class=\"elementor-field-type-text elementor-field-group elementor-column elementor-field-group-field_618970e elementor-col-33 elementor-field-required elementor-mark-required\">\r\n\t\t\t\t\t\t\t\t\t\t\t\t<label for=\"form-field-field_618970e\" class=\"elementor-field-label\">\r\n\t\t\t\t\t\t\t\tProvincia:\t\t\t\t\t\t\t<\/label>\r\n\t\t\t\t\t\t\t\t\t\t\t\t\t\t<input size=\"1\" type=\"text\" name=\"form_fields[field_618970e]\" id=\"form-field-field_618970e\" class=\"elementor-field elementor-size-sm  elementor-field-textual\" placeholder=\"Provincia\" required=\"required\">\r\n\t\t\t\t\t\t\t\t\t\t\t<\/div>\r\n\t\t\t\t\t\t\t\t<div class=\"elementor-field-type-text elementor-field-group elementor-column elementor-field-group-field_aad7537 elementor-col-33 elementor-field-required elementor-mark-required\">\r\n\t\t\t\t\t\t\t\t\t\t\t\t<label for=\"form-field-field_aad7537\" class=\"elementor-field-label\">\r\n\t\t\t\t\t\t\t\tDepartamento:\t\t\t\t\t\t\t<\/label>\r\n\t\t\t\t\t\t\t\t\t\t\t\t\t\t<input size=\"1\" type=\"text\" name=\"form_fields[field_aad7537]\" id=\"form-field-field_aad7537\" class=\"elementor-field elementor-size-sm  elementor-field-textual\" placeholder=\"Departamento\" required=\"required\">\r\n\t\t\t\t\t\t\t\t\t\t\t<\/div>\r\n\t\t\t\t\t\t\t\t<div class=\"elementor-field-type-html elementor-field-group elementor-column elementor-field-group-field_af86cec elementor-col-100\">\r\n\t\t\t\t\t<h4 style=\"margin-bottom: 5px; margin-top: 10px; color:#00315F; text-transform: uppercase;\">Identificaci\u00f3n del bien<\/h4>\t\t\t\t<\/div>\r\n\t\t\t\t\t\t\t\t<div class=\"elementor-field-type-text elementor-field-group elementor-column elementor-field-group-field_a381aeb elementor-col-30 elementor-field-required elementor-mark-required\">\r\n\t\t\t\t\t\t\t\t\t\t\t\t<label for=\"form-field-field_a381aeb\" class=\"elementor-field-label\">\r\n\t\t\t\t\t\t\t\tProducto:\t\t\t\t\t\t\t<\/label>\r\n\t\t\t\t\t\t\t\t\t\t\t\t\t\t<input size=\"1\" type=\"text\" name=\"form_fields[field_a381aeb]\" id=\"form-field-field_a381aeb\" class=\"elementor-field elementor-size-sm  elementor-field-textual\" placeholder=\"Producto\" required=\"required\">\r\n\t\t\t\t\t\t\t\t\t\t\t<\/div>\r\n\t\t\t\t\t\t\t\t<div class=\"elementor-field-type-number elementor-field-group elementor-column elementor-field-group-field_52113aa elementor-col-20 elementor-field-required elementor-mark-required\">\r\n\t\t\t\t\t\t\t\t\t\t\t\t<label for=\"form-field-field_52113aa\" class=\"elementor-field-label\">\r\n\t\t\t\t\t\t\t\tMonto:\t\t\t\t\t\t\t<\/label>\r\n\t\t\t\t\t\t\t\t\t<input type=\"number\" name=\"form_fields[field_52113aa]\" id=\"form-field-field_52113aa\" class=\"elementor-field elementor-size-sm  elementor-field-textual\" placeholder=\"Monto\" required=\"required\" min=\"\" max=\"\" >\r\n\t\t\t\t\t\t<\/div>\r\n\t\t\t\t\t\t\t\t<div class=\"elementor-field-type-text elementor-field-group elementor-column elementor-field-group-field_e8d4a43 elementor-col-20\">\r\n\t\t\t\t\t\t\t\t\t\t\t\t<label for=\"form-field-field_e8d4a43\" class=\"elementor-field-label\">\r\n\t\t\t\t\t\t\t\tC\u00f3digo de producci\u00f3n:\t\t\t\t\t\t\t<\/label>\r\n\t\t\t\t\t\t\t\t\t\t\t\t\t\t<input size=\"1\" type=\"text\" name=\"form_fields[field_e8d4a43]\" id=\"form-field-field_e8d4a43\" class=\"elementor-field elementor-size-sm  elementor-field-textual\" placeholder=\"C\u00f3digo de producci\u00f3n\">\r\n\t\t\t\t\t\t\t\t\t\t\t<\/div>\r\n\t\t\t\t\t\t\t\t<div class=\"elementor-field-type-text elementor-field-group elementor-column elementor-field-group-field_25c610d elementor-col-30\">\r\n\t\t\t\t\t\t\t\t\t\t\t\t<label for=\"form-field-field_25c610d\" class=\"elementor-field-label\">\r\n\t\t\t\t\t\t\t\tCanal de venta:\t\t\t\t\t\t\t<\/label>\r\n\t\t\t\t\t\t\t\t\t\t\t\t\t\t<input size=\"1\" type=\"text\" name=\"form_fields[field_25c610d]\" id=\"form-field-field_25c610d\" class=\"elementor-field elementor-size-sm  elementor-field-textual\" placeholder=\"Canal de venta\">\r\n\t\t\t\t\t\t\t\t\t\t\t<\/div>\r\n\t\t\t\t\t\t\t\t<div class=\"elementor-field-type-textarea elementor-field-group elementor-column elementor-field-group-field_798a8f6 elementor-col-100\">\r\n\t\t\t\t\t\t\t\t\t\t\t\t<label for=\"form-field-field_798a8f6\" class=\"elementor-field-label\">\r\n\t\t\t\t\t\t\t\tDescripci\u00f3n:\t\t\t\t\t\t\t<\/label>\r\n\t\t\t\t\t\t<textarea class=\"elementor-field-textual elementor-field  elementor-size-sm\" name=\"form_fields[field_798a8f6]\" id=\"form-field-field_798a8f6\" rows=\"4\" placeholder=\"Descripci\u00f3n\"><\/textarea>\t\t\t\t<\/div>\r\n\t\t\t\t\t\t\t\t<div class=\"elementor-field-type-html elementor-field-group elementor-column elementor-field-group-field_8019fc9 elementor-col-100\">\r\n\t\t\t\t\t<h4 style=\"margin-bottom: 5px; margin-top: 10px; color:#00315F; text-transform: uppercase;\">Detalle del reclamo<\/h4>\t\t\t\t<\/div>\r\n\t\t\t\t\t\t\t\t<div class=\"elementor-field-type-text elementor-field-group elementor-column elementor-field-group-field_ae69721 elementor-col-33\">\r\n\t\t\t\t\t\t\t\t\t\t\t\t<label for=\"form-field-field_ae69721\" class=\"elementor-field-label\">\r\n\t\t\t\t\t\t\t\tN\u00famero de pedido:\t\t\t\t\t\t\t<\/label>\r\n\t\t\t\t\t\t\t\t\t\t\t\t\t\t<input size=\"1\" type=\"text\" name=\"form_fields[field_ae69721]\" id=\"form-field-field_ae69721\" class=\"elementor-field elementor-size-sm  elementor-field-textual\" placeholder=\"N\u00famero de pedido\">\r\n\t\t\t\t\t\t\t\t\t\t\t<\/div>\r\n\t\t\t\t\t\t\t\t<div class=\"elementor-field-type-text elementor-field-group elementor-column elementor-field-group-field_20e8721 elementor-col-33\">\r\n\t\t\t\t\t\t\t\t\t\t\t\t<label for=\"form-field-field_20e8721\" class=\"elementor-field-label\">\r\n\t\t\t\t\t\t\t\tN\u00famero de boleta de venta electr\u00f3nica:\t\t\t\t\t\t\t<\/label>\r\n\t\t\t\t\t\t\t\t\t\t\t\t\t\t<input size=\"1\" type=\"text\" name=\"form_fields[field_20e8721]\" id=\"form-field-field_20e8721\" class=\"elementor-field elementor-size-sm  elementor-field-textual\" placeholder=\"N\u00famero de boleta de venta electr\u00f3nica\">\r\n\t\t\t\t\t\t\t\t\t\t\t<\/div>\r\n\t\t\t\t\t\t\t\t<div class=\"elementor-field-type-text elementor-field-group elementor-column elementor-field-group-field_d882fea elementor-col-33 elementor-field-required elementor-mark-required\">\r\n\t\t\t\t\t\t\t\t\t\t\t\t<label for=\"form-field-field_d882fea\" class=\"elementor-field-label\">\r\n\t\t\t\t\t\t\t\tTr\u00e1mite:\t\t\t\t\t\t\t<\/label>\r\n\t\t\t\t\t\t\t\t\t\t\t\t\t\t<input size=\"1\" type=\"text\" name=\"form_fields[field_d882fea]\" id=\"form-field-field_d882fea\" class=\"elementor-field elementor-size-sm  elementor-field-textual\" placeholder=\"Indique lo que desea solicitar\" required=\"required\">\r\n\t\t\t\t\t\t\t\t\t\t\t<\/div>\r\n\t\t\t\t\t\t\t\t<div class=\"elementor-field-type-textarea elementor-field-group elementor-column elementor-field-group-message elementor-col-50\">\r\n\t\t\t\t\t\t\t\t\t\t\t\t<label for=\"form-field-message\" class=\"elementor-field-label\">\r\n\t\t\t\t\t\t\t\tDetalle del reclamo:\t\t\t\t\t\t\t<\/label>\r\n\t\t\t\t\t\t<textarea class=\"elementor-field-textual elementor-field  elementor-size-sm\" name=\"form_fields[message]\" id=\"form-field-message\" rows=\"4\" placeholder=\"Detalle del reclamo\"><\/textarea>\t\t\t\t<\/div>\r\n\t\t\t\t\t\t\t\t<div class=\"elementor-field-type-textarea elementor-field-group elementor-column elementor-field-group-field_30fad19 elementor-col-50\">\r\n\t\t\t\t\t\t\t\t\t\t\t\t<label for=\"form-field-field_30fad19\" class=\"elementor-field-label\">\r\n\t\t\t\t\t\t\t\tSolicitud:\t\t\t\t\t\t\t<\/label>\r\n\t\t\t\t\t\t<textarea class=\"elementor-field-textual elementor-field  elementor-size-sm\" name=\"form_fields[field_30fad19]\" id=\"form-field-field_30fad19\" rows=\"4\" placeholder=\"Describa detalladamente su solicitud\"><\/textarea>\t\t\t\t<\/div>\r\n\t\t\t\t\t\t\t\t<div class=\"elementor-field-type-file_upload elementor-field-group elementor-column elementor-field-group-field_766bf3d elementor-col-100\">\r\n\t\t\t\t\t\t\t\t\t\t\t\t<label for=\"form-field-field_766bf3d\" class=\"elementor-field-label\">\r\n\t\t\t\t\t\t\t\tSubir archivos de evidencia de la ocurrencia: (m\u00e1ximo 5 archivos, tama\u00f1o m\u00e1ximo total 10 MB, formatos v\u00e1lidos: JPEG, PNG, ZIP)\t\t\t\t\t\t\t<\/label>\r\n\t\t\t\t\t\t\t\t<div class=\"elementor-dragandrophandler-container\">\r\n\t\t\t<div class=\"elementor-dragandrophandler\" data-type=\"zip, jpeg, jpg, png\" data-size=\"10\" data-max=\"5\">\r\n\t\t\t\t<div class=\"elementor-dragandrophandler-inner\">\r\n\t\t\t\t\t<div class=\"elementor-text-drop\">Arrastre sus archivos aqu\u00ed<\/div>\r\n\t\t\t\t\t<div class=\"elementor-text-or\">o<\/div>\r\n\t\t\t\t\t<div class=\"elementor-text-browser\"><a style=\"padding:5px 15px 5px 15px !important; border-width:0px 0px 0px 0px !important; border-radius:5px 5px 5px 5px !important; color:#ffffff!important; background:#666976!important; border-color:!important; border-style:solid !important; \" href=\"#\">Busque sus archivos<\/a><\/div>\r\n\t\t\t\t<\/div>\r\n\t\t\t\t<input type=\"file\" class=\"input-uploads hidden\" multiple>\r\n\t\t\t<\/div>\r\n\t\t<\/div>\r\n\t\t<input type=\"hidden\" name=\"form_fields[field_766bf3d]\" id=\"form-field-field_766bf3d\" class=\"elementor-field elementor-size-sm  elementor-upload-field-drap_drop\">\r\n\t\t\t\t\t<\/div>\r\n\t\t\t\t\t\t\t\t<div class=\"elementor-field-type-acceptance elementor-field-group elementor-column elementor-field-group-field_c62d427 elementor-col-100\">\r\n\t\t\t\t\t\t\t<div class=\"elementor-field-subgroup\">\r\n\t\t\t<span class=\"elementor-field-option\">\r\n\t\t\t\t<input type=\"checkbox\" name=\"form_fields[field_c62d427]\" id=\"form-field-field_c62d427\" class=\"elementor-field elementor-size-sm  elementor-acceptance-field\">\r\n\t\t\t\t<label for=\"form-field-field_c62d427\">Acepto haber le\u00eddo atentamente las instrucciones y consignado datos fidedignos para este proceso.<\/label>\t\t\t<\/span>\r\n\t\t<\/div>\r\n\t\t\t\t\t\t<\/div>\r\n\t\t\t\t\t\t\t\t<div class=\"elementor-field-type-html elementor-field-group elementor-column elementor-field-group-field_db51d07 elementor-col-100\">\r\n\t\t\t\t\t<p style=\"margin-top:10px;\">* La formulaci\u00f3n del reclamo no impide acudir a otras v\u00edas de soluci\u00f3n de controversias ni es requisito previo para interponer una denuncia ante INDECOPI.<\/p>\n<p>** El proveedor debe dar repuesta al reclamo o queja en un plazo no mayor a quince (15) d\u00edas, el cual es improrrogable.<\/p>\t\t\t\t<\/div>\r\n\t\t\t\t\t\t\t\t<div class=\"elementor-field-type-recaptcha_v3 elementor-field-group elementor-column elementor-field-group-field_f17fe94 elementor-col-100 recaptcha_v3-bottomright\">\r\n\t\t\t\t\t<div class=\"elementor-field\" id=\"form-field-field_f17fe94\"><div class=\"elementor-g-recaptcha\" data-sitekey=\"6LfsXjweAAAAAB_thuWLT9TeRWffj6F3Q6nBKRnZ\" data-type=\"v3\" data-action=\"Form\" data-badge=\"bottomright\" data-size=\"invisible\"><\/div><\/div>\t\t\t\t<\/div>\r\n\t\t\t\t\t\t\t\t<div class=\"elementor-field-type-html elementor-field-group elementor-column elementor-field-group-field_d2dea8a elementor-col-100\">\r\n\t\t\t\t\t<table style=\"margin-top: -20px;\">\n        <thead>\n            <tr>\n                <th style=\"width:50%; background-color: #FFFFFF; text-transform: uppercase;\">Reclamo<\/th>\n                <th style=\"width:50%; background-color: #FFFFFF; text-transform: uppercase;\">Queja<\/th>\n            <\/tr>\n        <\/thead>\n        <tbody>\n            <tr>\n                <td style=\"background-color:#FCFDFF;\">Disconformidad relacionada a los productos o servicios<\/td>\n                <td style=\"background-color:#FCFDFF;\">Disconformidad no relacionada a los productos o servicios, o, malestar o descontento respecto a la atenci\u00f3n al p\u00fablico.<\/td>\n            <\/tr>\n        <\/tbody>\n    <\/table>\t\t\t\t<\/div>\r\n\t\t\t\t\t\t\t\t<div class=\"elementor-field-group elementor-column elementor-field-type-submit elementor-col-100 e-form__buttons\">\r\n\t\t\t\t\t<button class=\"elementor-button elementor-size-md\" type=\"submit\">\r\n\t\t\t\t\t\t<span class=\"elementor-button-content-wrapper\">\r\n\t\t\t\t\t\t\t\t\t\t\t\t\t\t\t\t\t\t\t\t\t\t<span class=\"elementor-button-text\">Enviar<\/span>\r\n\t\t\t\t\t\t\t\t\t\t\t\t\t<\/span>\r\n\t\t\t\t\t<\/button>\r\n\t\t\t\t<\/div>\r\n\t\t\t<\/div>\r\n\t\t<\/form>\r\n\t\t\t\t\t\t<\/div>\n\t\t\t\t<\/div>\n\t\t\t\t\t<\/div>\n\t\t<\/div>\n\t\t\t\t\t<\/div>\n\t\t<\/section>\n\t\t\t\t<\/div>\n\t\t","protected":false},"excerpt":{"rendered":"<p>Si tienes una consulta o requieres de atenci\u00f3n inmediata, te invitamos a usar nuestro canal de atenci\u00f3n escribiendo a: analistamarketing@conservasdorita.com.pe [&hellip;]<\/p>\n","protected":false},"author":1,"featured_media":0,"parent":0,"menu_order":0,"comment_status":"closed","ping_status":"closed","template":"","meta":{"site-sidebar-layout":"default","site-content-layout":"","ast-site-content-layout":"default","site-content-style":"default","site-sidebar-style":"default","ast-global-header-display":"","ast-banner-title-visibility":"","ast-main-header-display":"","ast-hfb-above-header-display":"","ast-hfb-below-header-display":"","ast-hfb-mobile-header-display":"","site-post-title":"","ast-breadcrumbs-content":"","ast-featured-img":"","footer-sml-layout":"","ast-disable-related-posts":"","theme-transparent-header-meta":"","adv-header-id-meta":"","stick-header-meta":"","header-above-stick-meta":"","header-main-stick-meta":"","header-below-stick-meta":"","astra-migrate-meta-layouts":"default","ast-page-background-enabled":"default","ast-page-background-meta":{"desktop":{"background-color":"var(--ast-global-color-4)","background-image":"","background-repeat":"repeat","background-position":"center center","background-size":"auto","background-attachment":"scroll","background-type":"","background-media":"","overlay-type":"","overlay-color":"","overlay-opacity":"","overlay-gradient":""},"tablet":{"background-color":"","background-image":"","background-repeat":"repeat","background-position":"center center","background-size":"auto","background-attachment":"scroll","background-type":"","background-media":"","overlay-type":"","overlay-color":"","overlay-opacity":"","overlay-gradient":""},"mobile":{"background-color":"","background-image":"","background-repeat":"repeat","background-position":"center center","background-size":"auto","background-attachment":"scroll","background-type":"","background-media":"","overlay-type":"","overlay-color":"","overlay-opacity":"","overlay-gradient":""}},"ast-content-background-meta":{"desktop":{"background-color":"var(--ast-global-color-5)","background-image":"","background-repeat":"repeat","background-position":"center center","background-size":"auto","background-attachment":"scroll","background-type":"","background-media":"","overlay-type":"","overlay-color":"","overlay-opacity":"","overlay-gradient":""},"tablet":{"background-color":"var(--ast-global-color-5)","background-image":"","background-repeat":"repeat","background-position":"center center","background-size":"auto","background-attachment":"scroll","background-type":"","background-media":"","overlay-type":"","overlay-color":"","overlay-opacity":"","overlay-gradient":""},"mobile":{"background-color":"var(--ast-global-color-5)","background-image":"","background-repeat":"repeat","background-position":"center center","background-size":"auto","background-attachment":"scroll","background-type":"","background-media":"","overlay-type":"","overlay-color":"","overlay-opacity":"","overlay-gradient":""}},"footnotes":""},"class_list":["post-2404","page","type-page","status-publish","hentry"],"_links":{"self":[{"href":"https:\/\/conservasdorita.pe\/en\/wp-json\/wp\/v2\/pages\/2404","targetHints":{"allow":["GET"]}}],"collection":[{"href":"https:\/\/conservasdorita.pe\/en\/wp-json\/wp\/v2\/pages"}],"about":[{"href":"https:\/\/conservasdorita.pe\/en\/wp-json\/wp\/v2\/types\/page"}],"author":[{"embeddable":true,"href":"https:\/\/conservasdorita.pe\/en\/wp-json\/wp\/v2\/users\/1"}],"replies":[{"embeddable":true,"href":"https:\/\/conservasdorita.pe\/en\/wp-json\/wp\/v2\/comments?post=2404"}],"version-history":[{"count":5,"href":"https:\/\/conservasdorita.pe\/en\/wp-json\/wp\/v2\/pages\/2404\/revisions"}],"predecessor-version":[{"id":2853,"href":"https:\/\/conservasdorita.pe\/en\/wp-json\/wp\/v2\/pages\/2404\/revisions\/2853"}],"wp:attachment":[{"href":"https:\/\/conservasdorita.pe\/en\/wp-json\/wp\/v2\/media?parent=2404"}],"curies":[{"name":"wp","href":"https:\/\/api.w.org\/{rel}","templated":true}]}}