{"id":3,"date":"2021-11-24T08:37:35","date_gmt":"2021-11-24T13:37:35","guid":{"rendered":"http:\/\/box5315\/cgi\/addon_GT.cgi?s=GT::WP::Install::EIG+%28luservsa%29+-+10.0.87.61+%5BWordpress%3b+\/var\/hp\/common\/lib\/Wordpress.pm%3b+543%3b+Hosting::gap_call%5D\/?page_id=3"},"modified":"2024-11-22T11:27:52","modified_gmt":"2024-11-22T16:27:52","slug":"politica-privacidad","status":"publish","type":"page","link":"https:\/\/conservasdorita.pe\/en\/politica-privacidad\/","title":{"rendered":"Pol\u00edtica de privacidad"},"content":{"rendered":"<div data-elementor-type=\"wp-page\" data-elementor-id=\"3\" class=\"elementor elementor-3\" data-elementor-post-type=\"page\">\n\t\t\t\t\t\t<section class=\"elementor-section elementor-top-section elementor-element elementor-element-aad69e5 elementor-section-boxed elementor-section-height-default elementor-section-height-default\" data-id=\"aad69e5\" data-element_type=\"section\" data-e-type=\"section\">\n\t\t\t\t\t\t<div class=\"elementor-container elementor-column-gap-default\">\n\t\t\t\t\t<div class=\"elementor-column elementor-col-100 elementor-top-column elementor-element elementor-element-e0ec335\" data-id=\"e0ec335\" data-element_type=\"column\" data-e-type=\"column\">\n\t\t\t<div class=\"elementor-widget-wrap elementor-element-populated\">\n\t\t\t\t\t\t<div class=\"elementor-element elementor-element-4b488d7 elementor-widget elementor-widget-woocommerce-breadcrumb\" data-id=\"4b488d7\" data-element_type=\"widget\" data-e-type=\"widget\" data-widget_type=\"woocommerce-breadcrumb.default\">\n\t\t\t\t<div class=\"elementor-widget-container\">\n\t\t\t\t\t<nav class=\"woocommerce-breadcrumb\" aria-label=\"Breadcrumb\" data-no-translation=\"\" data-trp-gettext=\"\">Home<\/nav>\t\t\t\t<\/div>\n\t\t\t\t<\/div>\n\t\t\t\t\t<\/div>\n\t\t<\/div>\n\t\t\t\t\t<\/div>\n\t\t<\/section>\n\t\t\t\t<section class=\"elementor-section elementor-top-section elementor-element elementor-element-73ca79c6 elementor-section-boxed elementor-section-height-default elementor-section-height-default\" data-id=\"73ca79c6\" data-element_type=\"section\" data-e-type=\"section\" data-settings=\"{&quot;background_background&quot;:&quot;classic&quot;}\">\n\t\t\t\t\t\t<div class=\"elementor-container elementor-column-gap-default\">\n\t\t\t\t\t<div class=\"elementor-column elementor-col-100 elementor-top-column elementor-element elementor-element-2f2d77b7\" data-id=\"2f2d77b7\" data-element_type=\"column\" data-e-type=\"column\">\n\t\t\t<div class=\"elementor-widget-wrap elementor-element-populated\">\n\t\t\t\t\t\t<div class=\"elementor-element elementor-element-2af550f3 elementor-widget elementor-widget-text-editor\" data-id=\"2af550f3\" data-element_type=\"widget\" data-e-type=\"widget\" data-widget_type=\"text-editor.default\">\n\t\t\t\t<div class=\"elementor-widget-container\">\n\t\t\t\t\t\t\t\t\t\n<h2 class=\"wp-block-heading\" style=\"color:#00315F; font-family:Bitter;\">Qui\u00e9nes somos<\/h2>\n\n\n\n<p>La URL de nuestro sitio es <a href=\"https:\/\/conservasdorita.pe\/en\/\">https:\/\/conservasdorita.pe<\/a>. Somos una marca distribuida por Inversiones Quiaza S.A.C., empresa dedicada a la pesca, producci\u00f3n y comercializaci\u00f3n de conservas de pescado.<\/p>\n\n\n\n<h2 class=\"wp-block-heading\" style=\"color:#00315F; font-family:Bitter;\">Comentarios<\/h2>\n\n\n\n<p>Cuando los usuarios dejen comentarios en nuestro sitio, nosotros recolectamos la data mostrada en los formularios de contacto, e incluso la direcci\u00f3n IP del visitante y el navegador que usa el usuario con la finalidad de ayudar a la detecci\u00f3n de spam.<\/p>\n\n\n\n<p>Una secuencia an\u00f3nima creada desde su direcci\u00f3n de email (usualmente llamada hash) puede ser prove\u00edda al servicio de Gravatar para ver si usted lo est\u00e1 usando. Las pol\u00edticas de privacidad de Gravatar est\u00e1n disponibles aqu\u00ed: (pueden estar en ingl\u00e9s) https:\/\/automattic.com\/privacy\/. Despu\u00e9s de la aprobaci\u00f3n de su comentario, su imagen de perfil podr\u00eda estar visible al p\u00fablico en el contexto de su comentario.<\/p>\n\n\n\n<h2 class=\"wp-block-heading\" style=\"color:#00315F; font-family:Bitter;\">Medios<\/h2>\n\n\n\n<p>Si sube im\u00e1genes a nuestro sitio web, deber\u00eda evitar subirlas con data embebida de ubicaci\u00f3n (EXIF-GPS) incluida. Visitantes del sitio web pueden descargarlas y extraer cualquier dato de ubicaci\u00f3n de las im\u00e1genes del sitio web.<\/p>\n\n\n\n<h2 class=\"wp-block-heading\" style=\"color:#00315F; font-family:Bitter;\">Cookies<\/h2>\n\n\n\n<p>Si deja un comentario en nuestro sitio web. usted puede optar por guardar su nombre, direcci\u00f3n de correo electr\u00f3nico y sitio web en las cookies. Estas est\u00e1n para su conveniencia, de tal manera que no tiene que llenar los detalles nuevamente cuando deje otro comentario. Esas cookies caducar\u00e1n en un a\u00f1o.<\/p>\n\n\n\n<p>Si usted visita nuestra p\u00e1gina de ingreso, se incorporar\u00e1 una cookie temporal que determine si su navegador acepta cookies. Esta cookie no contiene informaci\u00f3n personal y es descartada cuando cierra su navegador.<\/p>\n\n\n\n<p>Cuando ingrese a su cuenta, implementaremos diferentes cookies para guardar su informaci\u00f3n de ingreso y las opciones de pantalla. Las cookies de ingreso duran dos d\u00edas y las de informaci\u00f3n de pantalla un a\u00f1o. Si usted selecciona \u00abRecu\u00e9rdame\u00bb, su sesi\u00f3n perdurar\u00e1 por dos semana. Si usted cierra su sesi\u00f3n, las cookies de registro se eliminar\u00e1n.<\/p>\n\n\n\n<p>Si usted edita o publica un art\u00edculo, una cookie adicional ser\u00e1 guardada en su navegador. Esta cookie no incluye datos personales y simplemente indica el ID de la entrada del articulo que edit\u00f3. Expira despu\u00e9s de un d\u00eda.<\/p>\n\n\n\n<h2 class=\"wp-block-heading\" style=\"color:#00315F; font-family:Bitter;\">Contenido embebido de otros sitios web<\/h2>\n\n\n\n<p>Los art\u00edculos pueden incluir contenido embebido (ej: v\u00eddeos, im\u00e1genes, art\u00edculos, etc.). El contenido embebido de otros sitios web se comportan de la misma manera que si el visitante ha visitado el otro sitio web.<\/p>\n\n\n\n<p>Estos sitios web podr\u00eda recopilar datos suyos, usar cookies, pegar herramientas de seguimiento de terceros y monitorear su interacci\u00f3n con ese contenido embebido, incluyendo seguimiento de sus interacciones con el contenido embebido si tienen una cuenta y ha iniciado sesi\u00f3n en ese sitio web.<\/p>\n\n\n\n<h2 class=\"wp-block-heading\" style=\"color:#00315F; font-family:Bitter;\">\u00bfCon qui\u00e9n compartimos sus datos?<\/h2>\n\n\n\n<p>Si usted solicita un restablecimiento de contrase\u00f1a, su n\u00famero IP ser\u00e1 incluido en el correo electr\u00f3nico de restablecimiento.<\/p>\n\n\n\n<h2 class=\"wp-block-heading\" style=\"color:#00315F; font-family:Bitter;\">\u00bfPor cu\u00e1nto tiempo conservamos sus datos?<\/h2>\n\n\n\n<p>Si usted deja un comentario, \u00e9ste y su metadata son conservados de manera indefinida. Esto para poder reconocer y aprobar cualquier comentario de seguimiento en lugar de mantenerlas en una cola de moderaci\u00f3n.<\/p>\n\n\n\n<p>Para usuarios que se registren en nuestro sitio web (si los hay), nosotros conservamos adem\u00e1s la informaci\u00f3n personal que provey\u00f3 en su perfil. Los usuarios pueden ver, editar o eliminar su informaci\u00f3n personal en cualquier momento (excepto que no pueden cambiar su nombre de usuario). Los administradores del sitio web tambi\u00e9n pueden ver y editar dicha informaci\u00f3n.<\/p>\n\n\n\n<h2 class=\"wp-block-heading\" style=\"color:#00315F; font-family:Bitter;\">\u00bfQu\u00e9 derechos tiene sobre sus datos?<\/h2>\n\n\n\n<p>Si usted tiene una cuenta en nuestro sitio web o deja comentarios, puede requerir un archivo exportado con sus datos personales que nosotros poseemos, incluyendo cualquier dato provisto por nosotros. Usted tambi\u00e9n puede requerir que borremos cualquier dato personal que nosotros mantengamos. Esto no incluye ning\u00fan dato que estemos obligados a mantener por razones administrativas, legales o de seguridad.<\/p>\n\n\n\n<h2 class=\"wp-block-heading\" style=\"color:#00315F; font-family:Bitter;\">Le enviamos sus datos<\/h2>\n\n\n\n<p>Los comentarios de los visitantes pueden ser verificados a trav\u00e9s de un sistema automatizado de detecci\u00f3n de spam.<\/p>\n\t\t\t\t\t\t\t\t<\/div>\n\t\t\t\t<\/div>\n\t\t\t\t\t<\/div>\n\t\t<\/div>\n\t\t\t\t\t<\/div>\n\t\t<\/section>\n\t\t\t\t<\/div>","protected":false},"excerpt":{"rendered":"<p>Qui\u00e9nes somos La URL de nuestro sitio es https:\/\/conservasdorita.pe. Somos una marca distribuida por Inversiones Quiaza S.A.C., empresa dedicada a [&hellip;]<\/p>\n","protected":false},"author":1,"featured_media":0,"parent":0,"menu_order":0,"comment_status":"closed","ping_status":"closed","template":"","meta":{"site-sidebar-layout":"default","site-content-layout":"","ast-site-content-layout":"default","site-content-style":"default","site-sidebar-style":"default","ast-global-header-display":"","ast-banner-title-visibility":"","ast-main-header-display":"","ast-hfb-above-header-display":"","ast-hfb-below-header-display":"","ast-hfb-mobile-header-display":"","site-post-title":"","ast-breadcrumbs-content":"","ast-featured-img":"","footer-sml-layout":"","ast-disable-related-posts":"","theme-transparent-header-meta":"","adv-header-id-meta":"","stick-header-meta":"","header-above-stick-meta":"","header-main-stick-meta":"","header-below-stick-meta":"","astra-migrate-meta-layouts":"default","ast-page-background-enabled":"default","ast-page-background-meta":{"desktop":{"background-color":"var(--ast-global-color-4)","background-image":"","background-repeat":"repeat","background-position":"center center","background-size":"auto","background-attachment":"scroll","background-type":"","background-media":"","overlay-type":"","overlay-color":"","overlay-opacity":"","overlay-gradient":""},"tablet":{"background-color":"","background-image":"","background-repeat":"repeat","background-position":"center center","background-size":"auto","background-attachment":"scroll","background-type":"","background-media":"","overlay-type":"","overlay-color":"","overlay-opacity":"","overlay-gradient":""},"mobile":{"background-color":"","background-image":"","background-repeat":"repeat","background-position":"center center","background-size":"auto","background-attachment":"scroll","background-type":"","background-media":"","overlay-type":"","overlay-color":"","overlay-opacity":"","overlay-gradient":""}},"ast-content-background-meta":{"desktop":{"background-color":"var(--ast-global-color-5)","background-image":"","background-repeat":"repeat","background-position":"center center","background-size":"auto","background-attachment":"scroll","background-type":"","background-media":"","overlay-type":"","overlay-color":"","overlay-opacity":"","overlay-gradient":""},"tablet":{"background-color":"var(--ast-global-color-5)","background-image":"","background-repeat":"repeat","background-position":"center center","background-size":"auto","background-attachment":"scroll","background-type":"","background-media":"","overlay-type":"","overlay-color":"","overlay-opacity":"","overlay-gradient":""},"mobile":{"background-color":"var(--ast-global-color-5)","background-image":"","background-repeat":"repeat","background-position":"center center","background-size":"auto","background-attachment":"scroll","background-type":"","background-media":"","overlay-type":"","overlay-color":"","overlay-opacity":"","overlay-gradient":""}},"footnotes":""},"class_list":["post-3","page","type-page","status-publish","hentry"],"_links":{"self":[{"href":"https:\/\/conservasdorita.pe\/en\/wp-json\/wp\/v2\/pages\/3","targetHints":{"allow":["GET"]}}],"collection":[{"href":"https:\/\/conservasdorita.pe\/en\/wp-json\/wp\/v2\/pages"}],"about":[{"href":"https:\/\/conservasdorita.pe\/en\/wp-json\/wp\/v2\/types\/page"}],"author":[{"embeddable":true,"href":"https:\/\/conservasdorita.pe\/en\/wp-json\/wp\/v2\/users\/1"}],"replies":[{"embeddable":true,"href":"https:\/\/conservasdorita.pe\/en\/wp-json\/wp\/v2\/comments?post=3"}],"version-history":[{"count":5,"href":"https:\/\/conservasdorita.pe\/en\/wp-json\/wp\/v2\/pages\/3\/revisions"}],"predecessor-version":[{"id":2859,"href":"https:\/\/conservasdorita.pe\/en\/wp-json\/wp\/v2\/pages\/3\/revisions\/2859"}],"wp:attachment":[{"href":"https:\/\/conservasdorita.pe\/en\/wp-json\/wp\/v2\/media?parent=3"}],"curies":[{"name":"wp","href":"https:\/\/api.w.org\/{rel}","templated":true}]}}